{"id":59,"date":"2018-06-28T14:01:45","date_gmt":"2018-06-28T11:01:45","guid":{"rendered":"http:\/\/teky.com.tr\/?page_id=59"},"modified":"2019-11-16T10:47:37","modified_gmt":"2019-11-16T07:47:37","slug":"references","status":"publish","type":"page","link":"http:\/\/teky.com.tr\/index.php\/references\/","title":{"rendered":"REFERENCES"},"content":{"rendered":"<p><img class=\"alignnone wp-image-253\" src=\"http:\/\/teky.com.tr\/wp-content\/uploads\/1.png\" alt=\"\" width=\"200\" height=\"200\" \/>\u00a0 \u00a0 <img class=\"alignnone  wp-image-773\" src=\"http:\/\/teky.com.tr\/wp-content\/uploads\/Ticaret-Bakanl\u0131\u011f\u0131-Logo-Arma-TR-300x300.jpg\" alt=\"\" width=\"195\" height=\"195\" srcset=\"http:\/\/teky.com.tr\/wp-content\/uploads\/Ticaret-Bakanl\u0131\u011f\u0131-Logo-Arma-TR-300x300.jpg 300w, http:\/\/teky.com.tr\/wp-content\/uploads\/Ticaret-Bakanl\u0131\u011f\u0131-Logo-Arma-TR-150x150.jpg 150w, http:\/\/teky.com.tr\/wp-content\/uploads\/Ticaret-Bakanl\u0131\u011f\u0131-Logo-Arma-TR-768x768.jpg 768w, http:\/\/teky.com.tr\/wp-content\/uploads\/Ticaret-Bakanl\u0131\u011f\u0131-Logo-Arma-TR-1024x1024.jpg 1024w, http:\/\/teky.com.tr\/wp-content\/uploads\/Ticaret-Bakanl\u0131\u011f\u0131-Logo-Arma-TR.jpg 1182w\" sizes=\"(max-width: 195px) 100vw, 195px\" \/>\u00a0 \u00a0\u00a0<img class=\"alignnone wp-image-262\" src=\"http:\/\/teky.com.tr\/wp-content\/uploads\/belediye.png\" alt=\"\" width=\"200\" height=\"200\" \/><\/p>\n<p>&nbsp;<\/p>\n<p><img class=\"alignnone size-full wp-image-286\" src=\"http:\/\/teky.com.tr\/wp-content\/uploads\/transal.png\" alt=\"\" width=\"200\" height=\"200\" \/>\u00a0 \u00a0\u00a0<img class=\"alignnone wp-image-283\" src=\"http:\/\/teky.com.tr\/wp-content\/uploads\/petkim.png\" alt=\"\" width=\"200\" height=\"200\" srcset=\"http:\/\/teky.com.tr\/wp-content\/uploads\/petkim.png 225w, http:\/\/teky.com.tr\/wp-content\/uploads\/petkim-150x150.png 150w\" sizes=\"(max-width: 200px) 100vw, 200px\" \/>\u00a0 \u00a0\u00a0<img class=\"alignnone wp-image-258\" src=\"http:\/\/teky.com.tr\/wp-content\/uploads\/atlas-enerji-300x100.png\" alt=\"\" width=\"200\" height=\"200\" \/><\/p>\n<p><img class=\"alignnone size-medium wp-image-260\" src=\"http:\/\/teky.com.tr\/wp-content\/uploads\/barko-300x52.png\" alt=\"\" width=\"200\" height=\"200\" \/>\u00a0 \u00a0 \u00a0 \u00a0<img class=\"alignnone size-full wp-image-261\" src=\"http:\/\/teky.com.tr\/wp-content\/uploads\/BBC.gif\" alt=\"\" width=\"200\" height=\"200\" \/>\u00a0\u00a0\u00a0\u00a0<img class=\"alignnone wp-image-259\" src=\"http:\/\/teky.com.tr\/wp-content\/uploads\/aves.png\" alt=\"\" width=\"200\" height=\"200\" \/><\/p>\n<p>&nbsp;<\/p>\n<p><img class=\"alignnone wp-image-284\" src=\"http:\/\/teky.com.tr\/wp-content\/uploads\/shipyard-famagusta-300x142.jpg\" alt=\"\" width=\"200\" height=\"200\" \/>\u00a0 \u00a0 \u00a0<img class=\"alignnone wp-image-282\" src=\"http:\/\/teky.com.tr\/wp-content\/uploads\/nursan-300x218.jpg\" alt=\"\" width=\"200\" height=\"200\" \/>\u00a0 \u00a0 \u00a0<img class=\"alignnone wp-image-280\" src=\"http:\/\/teky.com.tr\/wp-content\/uploads\/Iskolden-300x200.png\" alt=\"\" width=\"200\" height=\"200\" \/><\/p>\n<p>&nbsp;<\/p>\n<p>&nbsp;<\/p>\n<p><img class=\"alignnone size-medium wp-image-410\" src=\"http:\/\/teky.com.tr\/wp-content\/uploads\/logo-300x108.png\" alt=\"\" width=\"200\" height=\"200\" \/>\u00a0 \u00a0 \u00a0\u00a0<img class=\"alignnone size-medium wp-image-411\" src=\"http:\/\/teky.com.tr\/wp-content\/uploads\/logo-mersin-international-port.png\" alt=\"\" width=\"200\" height=\"200\" \/>\u00a0\u00a0\u00a0 \u00a0<img class=\"alignnone wp-image-279\" src=\"http:\/\/teky.com.tr\/wp-content\/uploads\/isken-300x150.jpg\" alt=\"\" width=\"200\" height=\"200\" \/><\/p>\n<p>&nbsp;<\/p>\n<p><img class=\"alignnone wp-image-278\" src=\"http:\/\/teky.com.tr\/wp-content\/uploads\/filo.png\" alt=\"\" width=\"200\" height=\"200\" srcset=\"http:\/\/teky.com.tr\/wp-content\/uploads\/filo.png 225w, http:\/\/teky.com.tr\/wp-content\/uploads\/filo-150x150.png 150w\" sizes=\"(max-width: 200px) 100vw, 200px\" \/>\u00a0 \u00a0\u00a0<img class=\"alignnone wp-image-256\" src=\"http:\/\/teky.com.tr\/wp-content\/uploads\/arkas-300x109-300x109.png\" alt=\"\" width=\"200\" height=\"200\" \/>\u00a0 \u00a0\u00a0<img class=\"alignnone wp-image-257\" src=\"http:\/\/teky.com.tr\/wp-content\/uploads\/atagem-300x94-300x94.png\" alt=\"\" width=\"200\" height=\"200\" \/><\/p>\n<p>&nbsp;<\/p>\n<p><img class=\"alignnone wp-image-281\" src=\"http:\/\/teky.com.tr\/wp-content\/uploads\/msc-277x300.jpg\" alt=\"\" width=\"200\" height=\"200\" \/>\u00a0 \u00a0\u00a0<img class=\"alignnone wp-image-277\" src=\"http:\/\/teky.com.tr\/wp-content\/uploads\/bourbon-300x164.png\" alt=\"\" width=\"200\" height=\"200\" \/>\u00a0 \u00a0\u00a0<img class=\"alignnone wp-image-276\" src=\"http:\/\/teky.com.tr\/wp-content\/uploads\/bota\u015f-300x200.jpg\" alt=\"\" width=\"200\" height=\"200\" \/><\/p>\n<p>&nbsp;<\/p>\n<p>&nbsp;<\/p>\n<p><img class=\"alignnone wp-image-255\" src=\"http:\/\/teky.com.tr\/wp-content\/uploads\/3-300x68.gif\" alt=\"\" width=\"200\" height=\"200\" \/>\u00a0 \u00a0<img class=\"alignnone size-medium wp-image-745\" src=\"http:\/\/teky.com.tr\/wp-content\/uploads\/FPTSharingLogo-300x158.jpg\" alt=\"\" width=\"200\" height=\"200\" \/>\u00a0 \u00a0<img class=\"alignnone size-medium wp-image-755\" src=\"http:\/\/teky.com.tr\/wp-content\/uploads\/enka_logo-300x95.jpg\" alt=\"\" width=\"200\" height=\"200\" \/><\/p>\n<p>&nbsp;<\/p>\n<p>&nbsp;<\/p>\n<p><img class=\"alignnone wp-image-675\" src=\"http:\/\/teky.com.tr\/wp-content\/uploads\/logo-1-300x150.png\" alt=\"\" width=\"200\" height=\"200\" \/>\u00a0 \u00a0 \u00a0<img class=\"alignnone wp-image-676\" src=\"http:\/\/teky.com.tr\/wp-content\/uploads\/c0a49edd-36db-4baa-a409-0958e31435dc-corporate-movie-880x640-300x197.jpg\" alt=\"\" width=\"200\" height=\"200\" \/>\u00a0 \u00a0<img class=\"alignnone wp-image-715\" src=\"http:\/\/teky.com.tr\/wp-content\/uploads\/indir.png\" alt=\"\" width=\"200\" height=\"200\" \/><\/p>\n<p>&nbsp;<\/p>\n","protected":false},"excerpt":{"rendered":"<p>\u00a0 \u00a0 \u00a0 \u00a0\u00a0 &nbsp; \u00a0 \u00a0\u00a0\u00a0 \u00a0\u00a0 \u00a0 \u00a0 \u00a0 \u00a0\u00a0\u00a0\u00a0\u00a0 &nbsp; \u00a0 \u00a0 \u00a0\u00a0 \u00a0 \u00a0 &nbsp; &nbsp; \u00a0 \u00a0 \u00a0\u00a0\u00a0\u00a0\u00a0 \u00a0 &nbsp; \u00a0 \u00a0\u00a0\u00a0 \u00a0\u00a0 &nbsp; \u00a0 \u00a0\u00a0\u00a0 \u00a0\u00a0 &nbsp; &nbsp; \u00a0 \u00a0\u00a0 \u00a0 &nbsp; &nbsp; \u00a0 \u00a0 \u00a0\u00a0 \u00a0 &nbsp;<\/p>\n","protected":false},"author":1,"featured_media":0,"parent":0,"menu_order":0,"comment_status":"closed","ping_status":"closed","template":"","meta":[],"wps_subtitle":"","_links":{"self":[{"href":"http:\/\/teky.com.tr\/index.php\/wp-json\/wp\/v2\/pages\/59"}],"collection":[{"href":"http:\/\/teky.com.tr\/index.php\/wp-json\/wp\/v2\/pages"}],"about":[{"href":"http:\/\/teky.com.tr\/index.php\/wp-json\/wp\/v2\/types\/page"}],"author":[{"embeddable":true,"href":"http:\/\/teky.com.tr\/index.php\/wp-json\/wp\/v2\/users\/1"}],"replies":[{"embeddable":true,"href":"http:\/\/teky.com.tr\/index.php\/wp-json\/wp\/v2\/comments?post=59"}],"version-history":[{"count":19,"href":"http:\/\/teky.com.tr\/index.php\/wp-json\/wp\/v2\/pages\/59\/revisions"}],"predecessor-version":[{"id":774,"href":"http:\/\/teky.com.tr\/index.php\/wp-json\/wp\/v2\/pages\/59\/revisions\/774"}],"wp:attachment":[{"href":"http:\/\/teky.com.tr\/index.php\/wp-json\/wp\/v2\/media?parent=59"}],"curies":[{"name":"wp","href":"https:\/\/api.w.org\/{rel}","templated":true}]}}